{"id":2,"date":"2025-07-09T12:00:25","date_gmt":"2025-07-09T12:00:25","guid":{"rendered":"https:\/\/agrohiena.rkinformatika.online\/?page_id=2"},"modified":"2025-07-10T08:12:49","modified_gmt":"2025-07-10T08:12:49","slug":"inicio","status":"publish","type":"page","link":"https:\/\/agrohiena.com\/en\/","title":{"rendered":"Home"},"content":{"rendered":"<div data-elementor-type=\"wp-page\" data-elementor-id=\"2\" class=\"elementor elementor-2\" data-elementor-post-type=\"page\">\n\t\t\t\t<div class=\"elementor-element elementor-element-4ed4dbc e-con-full e-flex e-con e-parent\" data-id=\"4ed4dbc\" data-element_type=\"container\" data-e-type=\"container\" data-settings=\"{&quot;background_background&quot;:&quot;classic&quot;}\">\n\t\t\t\t<div class=\"elementor-element elementor-element-85c1f10 elementor-widget elementor-widget-heading\" data-id=\"85c1f10\" data-element_type=\"widget\" data-e-type=\"widget\" data-widget_type=\"heading.default\">\n\t\t\t\t\t<h2 class=\"elementor-heading-title elementor-size-default\">The root of Agrohiena<\/h2>\t\t\t\t<\/div>\n\t\t\t\t<\/div>\n\t\t<div class=\"elementor-element elementor-element-08d3f57 e-flex e-con-boxed e-con e-parent\" data-id=\"08d3f57\" data-element_type=\"container\" data-e-type=\"container\">\n\t\t\t\t\t<div class=\"e-con-inner\">\n\t\t<div class=\"elementor-element elementor-element-f55a142 e-con-full e-flex e-con e-child\" data-id=\"f55a142\" data-element_type=\"container\" data-e-type=\"container\">\n\t\t<div class=\"elementor-element elementor-element-a8677fb e-con-full e-flex e-con e-child\" data-id=\"a8677fb\" data-element_type=\"container\" data-e-type=\"container\">\n\t\t\t\t<div class=\"elementor-element elementor-element-208286f elementor-widget elementor-widget-text-editor\" data-id=\"208286f\" data-element_type=\"widget\" data-e-type=\"widget\" data-widget_type=\"text-editor.default\">\n\t\t\t\t\t\t\t\t\t<p><strong data-start=\"75\" data-end=\"179\">Agrohiena was born with a clear purpose: to care for the land and keep every space in its best condition.<\/strong><br data-start=\"179\" data-end=\"182\" \/>We offer gardening services, irrigation system installation, pool cleaning, forestry work, estate maintenance, and olive harvesting.<br data-start=\"333\" data-end=\"336\" \/>With professionalism, approachability, and commitment, we transform spaces and keep them thriving all year round.<\/p><h5><strong>Why Choose Us?<\/strong><\/h5><ul><li><strong>Comprehensive and personalized service.\u00a0<\/strong><\/li><li><strong>Professionalism and experience.\u00a0<\/strong><\/li><li><strong>Speed, trust, and approachability.\u00a0<\/strong><\/li><\/ul>\t\t\t\t\t\t\t\t<\/div>\n\t\t\t\t<\/div>\n\t\t\t\t<\/div>\n\t\t<div class=\"elementor-element elementor-element-6238503 e-con-full e-flex e-con e-child\" data-id=\"6238503\" data-element_type=\"container\" data-e-type=\"container\">\n\t\t\t\t<div class=\"elementor-element elementor-element-827c23d elementor-widget elementor-widget-image\" data-id=\"827c23d\" data-element_type=\"widget\" data-e-type=\"widget\" data-widget_type=\"image.default\">\n\t\t\t\t\t\t\t\t\t\t\t\t\t\t\t<img fetchpriority=\"high\" decoding=\"async\" width=\"1600\" height=\"1200\" src=\"https:\/\/agrohiena.com\/wp-content\/uploads\/2025\/07\/IMG-20250516-WA0021-LEIRE-Navas.jpg\" class=\"attachment-full size-full wp-image-126\" alt=\"\" srcset=\"https:\/\/agrohiena.com\/wp-content\/uploads\/2025\/07\/IMG-20250516-WA0021-LEIRE-Navas.jpg 1600w, https:\/\/agrohiena.com\/wp-content\/uploads\/2025\/07\/IMG-20250516-WA0021-LEIRE-Navas-300x225.jpg 300w, https:\/\/agrohiena.com\/wp-content\/uploads\/2025\/07\/IMG-20250516-WA0021-LEIRE-Navas-1024x768.jpg 1024w, https:\/\/agrohiena.com\/wp-content\/uploads\/2025\/07\/IMG-20250516-WA0021-LEIRE-Navas-768x576.jpg 768w, https:\/\/agrohiena.com\/wp-content\/uploads\/2025\/07\/IMG-20250516-WA0021-LEIRE-Navas-1536x1152.jpg 1536w, https:\/\/agrohiena.com\/wp-content\/uploads\/2025\/07\/IMG-20250516-WA0021-LEIRE-Navas-16x12.jpg 16w\" sizes=\"(max-width: 1600px) 100vw, 1600px\" \/>\t\t\t\t\t\t\t\t\t\t\t\t\t\t\t<\/div>\n\t\t\t\t<\/div>\n\t\t\t\t\t<\/div>\n\t\t\t\t<\/div>\n\t\t<div class=\"elementor-element elementor-element-9bb1a47 e-flex e-con-boxed e-con e-parent\" data-id=\"9bb1a47\" data-element_type=\"container\" data-e-type=\"container\">\n\t\t\t\t\t<div class=\"e-con-inner\">\n\t\t\t\t<div class=\"elementor-element elementor-element-1225ba1 elementor-cta--skin-classic elementor-animated-content elementor-bg-transform elementor-bg-transform-zoom-in elementor-widget elementor-widget-call-to-action\" data-id=\"1225ba1\" data-element_type=\"widget\" data-e-type=\"widget\" data-widget_type=\"call-to-action.default\">\n\t\t\t\t\t\t\t<div class=\"elementor-cta\">\n\t\t\t\t\t<div class=\"elementor-cta__bg-wrapper\">\n\t\t\t\t<div class=\"elementor-cta__bg elementor-bg\" style=\"background-image: url(https:\/\/agrohiena.com\/wp-content\/uploads\/2025\/07\/IMG-20250516-WA0007-LEIRE-Navas.jpg);\" role=\"img\" aria-label=\"\"><\/div>\n\t\t\t\t<div class=\"elementor-cta__bg-overlay\"><\/div>\n\t\t\t<\/div>\n\t\t\t\t\t\t\t<div class=\"elementor-cta__content\">\n\t\t\t\t\n\t\t\t\t\t\t\t\t\t<h2 class=\"elementor-cta__title elementor-cta__content-item elementor-content-item\">\n\t\t\t\t\t\tYour garden, our green commitment!\t\t\t\t\t<\/h2>\n\t\t\t\t\n\t\t\t\t\n\t\t\t\t\t\t\t\t\t<div class=\"elementor-cta__button-wrapper elementor-cta__content-item elementor-content-item\">\n\t\t\t\t\t<a class=\"elementor-cta__button elementor-button elementor-size-\" href=\"https:\/\/agrohiena.com\/en\/servicios\/\">\n\t\t\t\t\t\tView Services\t\t\t\t\t<\/a>\n\t\t\t\t\t<\/div>\n\t\t\t\t\t\t\t<\/div>\n\t\t\t\t\t\t<\/div>\n\t\t\t\t\t\t<\/div>\n\t\t\t\t\t<\/div>\n\t\t\t\t<\/div>\n\t\t<div class=\"elementor-element elementor-element-cb917fc e-flex e-con-boxed e-con e-parent\" data-id=\"cb917fc\" data-element_type=\"container\" data-e-type=\"container\">\n\t\t\t\t\t<div class=\"e-con-inner\">\n\t\t\t\t<div class=\"elementor-element elementor-element-5ecd8d9 elementor-widget elementor-widget-heading\" data-id=\"5ecd8d9\" data-element_type=\"widget\" data-e-type=\"widget\" data-widget_type=\"heading.default\">\n\t\t\t\t\t<h2 class=\"elementor-heading-title elementor-size-default\">Gallery<\/h2>\t\t\t\t<\/div>\n\t\t\t\t<div class=\"elementor-element elementor-element-99a134c elementor-widget elementor-widget-gallery\" data-id=\"99a134c\" data-element_type=\"widget\" data-e-type=\"widget\" data-settings=\"{&quot;columns_tablet&quot;:4,&quot;columns_mobile&quot;:2,&quot;lazyload&quot;:&quot;yes&quot;,&quot;gallery_layout&quot;:&quot;grid&quot;,&quot;columns&quot;:4,&quot;gap&quot;:{&quot;unit&quot;:&quot;px&quot;,&quot;size&quot;:10,&quot;sizes&quot;:[]},&quot;gap_tablet&quot;:{&quot;unit&quot;:&quot;px&quot;,&quot;size&quot;:10,&quot;sizes&quot;:[]},&quot;gap_mobile&quot;:{&quot;unit&quot;:&quot;px&quot;,&quot;size&quot;:10,&quot;sizes&quot;:[]},&quot;link_to&quot;:&quot;file&quot;,&quot;aspect_ratio&quot;:&quot;3:2&quot;,&quot;overlay_background&quot;:&quot;yes&quot;,&quot;content_hover_animation&quot;:&quot;fade-in&quot;}\" data-widget_type=\"gallery.default\">\n\t\t\t\t\t\t\t<div class=\"elementor-gallery__container\">\n\t\t\t\t\t\t\t<a class=\"e-gallery-item elementor-gallery-item elementor-animated-content\" href=\"https:\/\/agrohiena.com\/wp-content\/uploads\/2025\/07\/IMG-20250516-WA0005-LEIRE-Navas.jpg\" data-elementor-open-lightbox=\"yes\" data-elementor-lightbox-slideshow=\"99a134c\" data-e-action-hash=\"#elementor-action%3Aaction%3Dlightbox%26settings%3DeyJpZCI6MTMwLCJ1cmwiOiJodHRwczpcL1wvYWdyb2hpZW5hLmNvbVwvd3AtY29udGVudFwvdXBsb2Fkc1wvMjAyNVwvMDdcL0lNRy0yMDI1MDUxNi1XQTAwMDUtTEVJUkUtTmF2YXMuanBnIiwic2xpZGVzaG93IjoiOTlhMTM0YyJ9\">\n\t\t\t\t\t<div class=\"e-gallery-image elementor-gallery-item__image\" data-thumbnail=\"https:\/\/agrohiena.com\/wp-content\/uploads\/2025\/07\/IMG-20250516-WA0005-LEIRE-Navas.jpg\" data-width=\"1536\" data-height=\"2040\" aria-label=\"\" role=\"img\" ><\/div>\n\t\t\t\t\t\t\t\t\t\t\t<div class=\"elementor-gallery-item__overlay\"><\/div>\n\t\t\t\t\t\t\t\t\t\t\t\t\t\t<\/a>\n\t\t\t\t\t\t\t<a class=\"e-gallery-item elementor-gallery-item elementor-animated-content\" href=\"https:\/\/agrohiena.com\/wp-content\/uploads\/2025\/07\/IMG-20250516-WA0003-LEIRE-Navas.jpg\" data-elementor-open-lightbox=\"yes\" data-elementor-lightbox-slideshow=\"99a134c\" data-e-action-hash=\"#elementor-action%3Aaction%3Dlightbox%26settings%3DeyJpZCI6MTI5LCJ1cmwiOiJodHRwczpcL1wvYWdyb2hpZW5hLmNvbVwvd3AtY29udGVudFwvdXBsb2Fkc1wvMjAyNVwvMDdcL0lNRy0yMDI1MDUxNi1XQTAwMDMtTEVJUkUtTmF2YXMuanBnIiwic2xpZGVzaG93IjoiOTlhMTM0YyJ9\">\n\t\t\t\t\t<div class=\"e-gallery-image elementor-gallery-item__image\" data-thumbnail=\"https:\/\/agrohiena.com\/wp-content\/uploads\/2025\/07\/IMG-20250516-WA0003-LEIRE-Navas.jpg\" data-width=\"1536\" data-height=\"2040\" aria-label=\"\" role=\"img\" ><\/div>\n\t\t\t\t\t\t\t\t\t\t\t<div class=\"elementor-gallery-item__overlay\"><\/div>\n\t\t\t\t\t\t\t\t\t\t\t\t\t\t<\/a>\n\t\t\t\t\t\t\t<a class=\"e-gallery-item elementor-gallery-item elementor-animated-content\" href=\"https:\/\/agrohiena.com\/wp-content\/uploads\/2025\/07\/IMG-20250516-WA0021-LEIRE-Navas.jpg\" data-elementor-open-lightbox=\"yes\" data-elementor-lightbox-slideshow=\"99a134c\" data-e-action-hash=\"#elementor-action%3Aaction%3Dlightbox%26settings%3DeyJpZCI6MTI2LCJ1cmwiOiJodHRwczpcL1wvYWdyb2hpZW5hLmNvbVwvd3AtY29udGVudFwvdXBsb2Fkc1wvMjAyNVwvMDdcL0lNRy0yMDI1MDUxNi1XQTAwMjEtTEVJUkUtTmF2YXMuanBnIiwic2xpZGVzaG93IjoiOTlhMTM0YyJ9\">\n\t\t\t\t\t<div class=\"e-gallery-image elementor-gallery-item__image\" data-thumbnail=\"https:\/\/agrohiena.com\/wp-content\/uploads\/2025\/07\/IMG-20250516-WA0021-LEIRE-Navas.jpg\" data-width=\"1600\" data-height=\"1200\" aria-label=\"\" role=\"img\" ><\/div>\n\t\t\t\t\t\t\t\t\t\t\t<div class=\"elementor-gallery-item__overlay\"><\/div>\n\t\t\t\t\t\t\t\t\t\t\t\t\t\t<\/a>\n\t\t\t\t\t\t\t<a class=\"e-gallery-item elementor-gallery-item elementor-animated-content\" href=\"https:\/\/agrohiena.com\/wp-content\/uploads\/2025\/07\/IMG-20250516-WA0019-LEIRE-Navas.jpg\" data-elementor-open-lightbox=\"yes\" data-elementor-lightbox-slideshow=\"99a134c\" data-e-action-hash=\"#elementor-action%3Aaction%3Dlightbox%26settings%3DeyJpZCI6MTI1LCJ1cmwiOiJodHRwczpcL1wvYWdyb2hpZW5hLmNvbVwvd3AtY29udGVudFwvdXBsb2Fkc1wvMjAyNVwvMDdcL0lNRy0yMDI1MDUxNi1XQTAwMTktTEVJUkUtTmF2YXMuanBnIiwic2xpZGVzaG93IjoiOTlhMTM0YyJ9\">\n\t\t\t\t\t<div class=\"e-gallery-image elementor-gallery-item__image\" data-thumbnail=\"https:\/\/agrohiena.com\/wp-content\/uploads\/2025\/07\/IMG-20250516-WA0019-LEIRE-Navas.jpg\" data-width=\"1600\" data-height=\"1200\" aria-label=\"\" role=\"img\" ><\/div>\n\t\t\t\t\t\t\t\t\t\t\t<div class=\"elementor-gallery-item__overlay\"><\/div>\n\t\t\t\t\t\t\t\t\t\t\t\t\t\t<\/a>\n\t\t\t\t\t\t\t<a class=\"e-gallery-item elementor-gallery-item elementor-animated-content\" href=\"https:\/\/agrohiena.com\/wp-content\/uploads\/2025\/07\/IMG-20250516-WA0017-LEIRE-Navas.jpg\" data-elementor-open-lightbox=\"yes\" data-elementor-lightbox-slideshow=\"99a134c\" data-e-action-hash=\"#elementor-action%3Aaction%3Dlightbox%26settings%3DeyJpZCI6MTI0LCJ1cmwiOiJodHRwczpcL1wvYWdyb2hpZW5hLmNvbVwvd3AtY29udGVudFwvdXBsb2Fkc1wvMjAyNVwvMDdcL0lNRy0yMDI1MDUxNi1XQTAwMTctTEVJUkUtTmF2YXMuanBnIiwic2xpZGVzaG93IjoiOTlhMTM0YyJ9\">\n\t\t\t\t\t<div class=\"e-gallery-image elementor-gallery-item__image\" data-thumbnail=\"https:\/\/agrohiena.com\/wp-content\/uploads\/2025\/07\/IMG-20250516-WA0017-LEIRE-Navas.jpg\" data-width=\"1600\" data-height=\"1200\" aria-label=\"\" role=\"img\" ><\/div>\n\t\t\t\t\t\t\t\t\t\t\t<div class=\"elementor-gallery-item__overlay\"><\/div>\n\t\t\t\t\t\t\t\t\t\t\t\t\t\t<\/a>\n\t\t\t\t\t\t\t<a class=\"e-gallery-item elementor-gallery-item elementor-animated-content\" href=\"https:\/\/agrohiena.com\/wp-content\/uploads\/2025\/07\/IMG-20250516-WA0016-LEIRE-Navas.jpg\" data-elementor-open-lightbox=\"yes\" data-elementor-lightbox-slideshow=\"99a134c\" data-e-action-hash=\"#elementor-action%3Aaction%3Dlightbox%26settings%3DeyJpZCI6MTIzLCJ1cmwiOiJodHRwczpcL1wvYWdyb2hpZW5hLmNvbVwvd3AtY29udGVudFwvdXBsb2Fkc1wvMjAyNVwvMDdcL0lNRy0yMDI1MDUxNi1XQTAwMTYtTEVJUkUtTmF2YXMuanBnIiwic2xpZGVzaG93IjoiOTlhMTM0YyJ9\">\n\t\t\t\t\t<div class=\"e-gallery-image elementor-gallery-item__image\" data-thumbnail=\"https:\/\/agrohiena.com\/wp-content\/uploads\/2025\/07\/IMG-20250516-WA0016-LEIRE-Navas.jpg\" data-width=\"1600\" data-height=\"1200\" aria-label=\"\" role=\"img\" ><\/div>\n\t\t\t\t\t\t\t\t\t\t\t<div class=\"elementor-gallery-item__overlay\"><\/div>\n\t\t\t\t\t\t\t\t\t\t\t\t\t\t<\/a>\n\t\t\t\t\t\t\t<a class=\"e-gallery-item elementor-gallery-item elementor-animated-content\" href=\"https:\/\/agrohiena.com\/wp-content\/uploads\/2025\/07\/IMG-20250516-WA0015-LEIRE-Navas.jpg\" data-elementor-open-lightbox=\"yes\" data-elementor-lightbox-slideshow=\"99a134c\" data-e-action-hash=\"#elementor-action%3Aaction%3Dlightbox%26settings%3DeyJpZCI6MTIyLCJ1cmwiOiJodHRwczpcL1wvYWdyb2hpZW5hLmNvbVwvd3AtY29udGVudFwvdXBsb2Fkc1wvMjAyNVwvMDdcL0lNRy0yMDI1MDUxNi1XQTAwMTUtTEVJUkUtTmF2YXMuanBnIiwic2xpZGVzaG93IjoiOTlhMTM0YyJ9\">\n\t\t\t\t\t<div class=\"e-gallery-image elementor-gallery-item__image\" data-thumbnail=\"https:\/\/agrohiena.com\/wp-content\/uploads\/2025\/07\/IMG-20250516-WA0015-LEIRE-Navas.jpg\" data-width=\"1600\" data-height=\"1201\" aria-label=\"\" role=\"img\" ><\/div>\n\t\t\t\t\t\t\t\t\t\t\t<div class=\"elementor-gallery-item__overlay\"><\/div>\n\t\t\t\t\t\t\t\t\t\t\t\t\t\t<\/a>\n\t\t\t\t\t\t\t<a class=\"e-gallery-item elementor-gallery-item elementor-animated-content\" href=\"https:\/\/agrohiena.com\/wp-content\/uploads\/2025\/07\/IMG-20250516-WA0007-LEIRE-Navas.jpg\" data-elementor-open-lightbox=\"yes\" data-elementor-lightbox-slideshow=\"99a134c\" data-e-action-hash=\"#elementor-action%3Aaction%3Dlightbox%26settings%3DeyJpZCI6MTIxLCJ1cmwiOiJodHRwczpcL1wvYWdyb2hpZW5hLmNvbVwvd3AtY29udGVudFwvdXBsb2Fkc1wvMjAyNVwvMDdcL0lNRy0yMDI1MDUxNi1XQTAwMDctTEVJUkUtTmF2YXMuanBnIiwic2xpZGVzaG93IjoiOTlhMTM0YyJ9\">\n\t\t\t\t\t<div class=\"e-gallery-image elementor-gallery-item__image\" data-thumbnail=\"https:\/\/agrohiena.com\/wp-content\/uploads\/2025\/07\/IMG-20250516-WA0007-LEIRE-Navas.jpg\" data-width=\"1536\" data-height=\"2040\" aria-label=\"\" role=\"img\" ><\/div>\n\t\t\t\t\t\t\t\t\t\t\t<div class=\"elementor-gallery-item__overlay\"><\/div>\n\t\t\t\t\t\t\t\t\t\t\t\t\t\t<\/a>\n\t\t\t\t\t<\/div>\n\t\t\t\t\t<\/div>\n\t\t\t\t\t<\/div>\n\t\t\t\t<\/div>\n\t\t\t\t<\/div>","protected":false},"excerpt":{"rendered":"<p>La ra\u00edz de Agrohiena Agrohiena naci\u00f3 con un prop\u00f3sito claro: cuidar la tierra y mantener cada espacio en su mejor estado.Ofrecemos servicios de jardiner\u00eda, instalaci\u00f3n de riegos, limpieza de piscinas, trabajos forestales, mantenimiento de fincas y recolecci\u00f3n de aceituna.Con profesionalidad, cercan\u00eda y compromiso, transformamos espacios y los mantenemos vivos todo el a\u00f1o. \u00bfPor Qu\u00e9 Elegirnos? [&hellip;]<\/p>\n","protected":false},"author":1,"featured_media":0,"parent":0,"menu_order":0,"comment_status":"closed","ping_status":"closed","template":"elementor_canvas","meta":{"footnotes":""},"class_list":["post-2","page","type-page","status-publish","hentry"],"yoast_head":"<!-- This site is optimized with the Yoast SEO plugin v27.4 - https:\/\/yoast.com\/product\/yoast-seo-wordpress\/ -->\n<title>Inicio - Agrohiena<\/title>\n<meta name=\"robots\" content=\"index, follow, max-snippet:-1, max-image-preview:large, max-video-preview:-1\" \/>\n<link rel=\"canonical\" href=\"https:\/\/agrohiena.com\/en\/\" \/>\n<meta property=\"og:locale\" content=\"en_US\" \/>\n<meta property=\"og:type\" content=\"article\" \/>\n<meta property=\"og:title\" content=\"Inicio - Agrohiena\" \/>\n<meta property=\"og:description\" content=\"La ra\u00edz de Agrohiena Agrohiena naci\u00f3 con un prop\u00f3sito claro: cuidar la tierra y mantener cada espacio en su mejor estado.Ofrecemos servicios de jardiner\u00eda, instalaci\u00f3n de riegos, limpieza de piscinas, trabajos forestales, mantenimiento de fincas y recolecci\u00f3n de aceituna.Con profesionalidad, cercan\u00eda y compromiso, transformamos espacios y los mantenemos vivos todo el a\u00f1o. \u00bfPor Qu\u00e9 Elegirnos? [&hellip;]\" \/>\n<meta property=\"og:url\" content=\"https:\/\/agrohiena.com\/en\/\" \/>\n<meta property=\"og:site_name\" content=\"Agrohiena\" \/>\n<meta property=\"article:modified_time\" content=\"2025-07-10T08:12:49+00:00\" \/>\n<meta property=\"og:image\" content=\"https:\/\/agrohiena.com\/wp-content\/uploads\/2025\/07\/IMG-20250516-WA0021-LEIRE-Navas.jpg\" \/>\n<meta name=\"twitter:card\" content=\"summary_large_image\" \/>\n<meta name=\"twitter:label1\" content=\"Est. reading time\" \/>\n\t<meta name=\"twitter:data1\" content=\"1 minute\" \/>\n<script type=\"application\/ld+json\" class=\"yoast-schema-graph\">{\"@context\":\"https:\\\/\\\/schema.org\",\"@graph\":[{\"@type\":\"WebPage\",\"@id\":\"https:\\\/\\\/agrohiena.com\\\/\",\"url\":\"https:\\\/\\\/agrohiena.com\\\/\",\"name\":\"Inicio - Agrohiena\",\"isPartOf\":{\"@id\":\"https:\\\/\\\/agrohiena.com\\\/#website\"},\"primaryImageOfPage\":{\"@id\":\"https:\\\/\\\/agrohiena.com\\\/#primaryimage\"},\"image\":{\"@id\":\"https:\\\/\\\/agrohiena.com\\\/#primaryimage\"},\"thumbnailUrl\":\"https:\\\/\\\/agrohiena.com\\\/wp-content\\\/uploads\\\/2025\\\/07\\\/IMG-20250516-WA0021-LEIRE-Navas.jpg\",\"datePublished\":\"2025-07-09T12:00:25+00:00\",\"dateModified\":\"2025-07-10T08:12:49+00:00\",\"breadcrumb\":{\"@id\":\"https:\\\/\\\/agrohiena.com\\\/#breadcrumb\"},\"inLanguage\":\"en-US\",\"potentialAction\":[{\"@type\":\"ReadAction\",\"target\":[\"https:\\\/\\\/agrohiena.com\\\/\"]}]},{\"@type\":\"ImageObject\",\"inLanguage\":\"en-US\",\"@id\":\"https:\\\/\\\/agrohiena.com\\\/#primaryimage\",\"url\":\"https:\\\/\\\/agrohiena.com\\\/wp-content\\\/uploads\\\/2025\\\/07\\\/IMG-20250516-WA0021-LEIRE-Navas.jpg\",\"contentUrl\":\"https:\\\/\\\/agrohiena.com\\\/wp-content\\\/uploads\\\/2025\\\/07\\\/IMG-20250516-WA0021-LEIRE-Navas.jpg\"},{\"@type\":\"BreadcrumbList\",\"@id\":\"https:\\\/\\\/agrohiena.com\\\/#breadcrumb\",\"itemListElement\":[{\"@type\":\"ListItem\",\"position\":1,\"name\":\"Portada\",\"item\":\"https:\\\/\\\/agrohiena.com\\\/\"},{\"@type\":\"ListItem\",\"position\":2,\"name\":\"Inicio\"}]},{\"@type\":\"WebSite\",\"@id\":\"https:\\\/\\\/agrohiena.com\\\/#website\",\"url\":\"https:\\\/\\\/agrohiena.com\\\/\",\"name\":\"Agrohiena\",\"description\":\"Realizamos trabajos de jardiner\u00eda, servicios forestales, recolecta de aceitunas y mucho m\u00e1s... \",\"publisher\":{\"@id\":\"https:\\\/\\\/agrohiena.com\\\/#organization\"},\"potentialAction\":[{\"@type\":\"SearchAction\",\"target\":{\"@type\":\"EntryPoint\",\"urlTemplate\":\"https:\\\/\\\/agrohiena.com\\\/?s={search_term_string}\"},\"query-input\":{\"@type\":\"PropertyValueSpecification\",\"valueRequired\":true,\"valueName\":\"search_term_string\"}}],\"inLanguage\":\"en-US\"},{\"@type\":\"Organization\",\"@id\":\"https:\\\/\\\/agrohiena.com\\\/#organization\",\"name\":\"Agrohiena\",\"url\":\"https:\\\/\\\/agrohiena.com\\\/\",\"logo\":{\"@type\":\"ImageObject\",\"inLanguage\":\"en-US\",\"@id\":\"https:\\\/\\\/agrohiena.com\\\/#\\\/schema\\\/logo\\\/image\\\/\",\"url\":\"https:\\\/\\\/agrohiena.com\\\/wp-content\\\/uploads\\\/2025\\\/07\\\/cropped-file.jpg\",\"contentUrl\":\"https:\\\/\\\/agrohiena.com\\\/wp-content\\\/uploads\\\/2025\\\/07\\\/cropped-file.jpg\",\"width\":640,\"height\":473,\"caption\":\"Agrohiena\"},\"image\":{\"@id\":\"https:\\\/\\\/agrohiena.com\\\/#\\\/schema\\\/logo\\\/image\\\/\"}}]}<\/script>\n<!-- \/ Yoast SEO plugin. -->","yoast_head_json":{"title":"Inicio - Agrohiena","robots":{"index":"index","follow":"follow","max-snippet":"max-snippet:-1","max-image-preview":"max-image-preview:large","max-video-preview":"max-video-preview:-1"},"canonical":"https:\/\/agrohiena.com\/en\/","og_locale":"en_US","og_type":"article","og_title":"Inicio - Agrohiena","og_description":"La ra\u00edz de Agrohiena Agrohiena naci\u00f3 con un prop\u00f3sito claro: cuidar la tierra y mantener cada espacio en su mejor estado.Ofrecemos servicios de jardiner\u00eda, instalaci\u00f3n de riegos, limpieza de piscinas, trabajos forestales, mantenimiento de fincas y recolecci\u00f3n de aceituna.Con profesionalidad, cercan\u00eda y compromiso, transformamos espacios y los mantenemos vivos todo el a\u00f1o. \u00bfPor Qu\u00e9 Elegirnos? [&hellip;]","og_url":"https:\/\/agrohiena.com\/en\/","og_site_name":"Agrohiena","article_modified_time":"2025-07-10T08:12:49+00:00","og_image":[{"url":"https:\/\/agrohiena.com\/wp-content\/uploads\/2025\/07\/IMG-20250516-WA0021-LEIRE-Navas.jpg","type":"","width":"","height":""}],"twitter_card":"summary_large_image","twitter_misc":{"Est. reading time":"1 minute"},"schema":{"@context":"https:\/\/schema.org","@graph":[{"@type":"WebPage","@id":"https:\/\/agrohiena.com\/","url":"https:\/\/agrohiena.com\/","name":"Inicio - Agrohiena","isPartOf":{"@id":"https:\/\/agrohiena.com\/#website"},"primaryImageOfPage":{"@id":"https:\/\/agrohiena.com\/#primaryimage"},"image":{"@id":"https:\/\/agrohiena.com\/#primaryimage"},"thumbnailUrl":"https:\/\/agrohiena.com\/wp-content\/uploads\/2025\/07\/IMG-20250516-WA0021-LEIRE-Navas.jpg","datePublished":"2025-07-09T12:00:25+00:00","dateModified":"2025-07-10T08:12:49+00:00","breadcrumb":{"@id":"https:\/\/agrohiena.com\/#breadcrumb"},"inLanguage":"en-US","potentialAction":[{"@type":"ReadAction","target":["https:\/\/agrohiena.com\/"]}]},{"@type":"ImageObject","inLanguage":"en-US","@id":"https:\/\/agrohiena.com\/#primaryimage","url":"https:\/\/agrohiena.com\/wp-content\/uploads\/2025\/07\/IMG-20250516-WA0021-LEIRE-Navas.jpg","contentUrl":"https:\/\/agrohiena.com\/wp-content\/uploads\/2025\/07\/IMG-20250516-WA0021-LEIRE-Navas.jpg"},{"@type":"BreadcrumbList","@id":"https:\/\/agrohiena.com\/#breadcrumb","itemListElement":[{"@type":"ListItem","position":1,"name":"Portada","item":"https:\/\/agrohiena.com\/"},{"@type":"ListItem","position":2,"name":"Inicio"}]},{"@type":"WebSite","@id":"https:\/\/agrohiena.com\/#website","url":"https:\/\/agrohiena.com\/","name":"Agrohiena","description":"Realizamos trabajos de jardiner\u00eda, servicios forestales, recolecta de aceitunas y mucho m\u00e1s...","publisher":{"@id":"https:\/\/agrohiena.com\/#organization"},"potentialAction":[{"@type":"SearchAction","target":{"@type":"EntryPoint","urlTemplate":"https:\/\/agrohiena.com\/?s={search_term_string}"},"query-input":{"@type":"PropertyValueSpecification","valueRequired":true,"valueName":"search_term_string"}}],"inLanguage":"en-US"},{"@type":"Organization","@id":"https:\/\/agrohiena.com\/#organization","name":"Agrohiena","url":"https:\/\/agrohiena.com\/","logo":{"@type":"ImageObject","inLanguage":"en-US","@id":"https:\/\/agrohiena.com\/#\/schema\/logo\/image\/","url":"https:\/\/agrohiena.com\/wp-content\/uploads\/2025\/07\/cropped-file.jpg","contentUrl":"https:\/\/agrohiena.com\/wp-content\/uploads\/2025\/07\/cropped-file.jpg","width":640,"height":473,"caption":"Agrohiena"},"image":{"@id":"https:\/\/agrohiena.com\/#\/schema\/logo\/image\/"}}]}},"_links":{"self":[{"href":"https:\/\/agrohiena.com\/en\/wp-json\/wp\/v2\/pages\/2","targetHints":{"allow":["GET"]}}],"collection":[{"href":"https:\/\/agrohiena.com\/en\/wp-json\/wp\/v2\/pages"}],"about":[{"href":"https:\/\/agrohiena.com\/en\/wp-json\/wp\/v2\/types\/page"}],"author":[{"embeddable":true,"href":"https:\/\/agrohiena.com\/en\/wp-json\/wp\/v2\/users\/1"}],"replies":[{"embeddable":true,"href":"https:\/\/agrohiena.com\/en\/wp-json\/wp\/v2\/comments?post=2"}],"version-history":[{"count":91,"href":"https:\/\/agrohiena.com\/en\/wp-json\/wp\/v2\/pages\/2\/revisions"}],"predecessor-version":[{"id":353,"href":"https:\/\/agrohiena.com\/en\/wp-json\/wp\/v2\/pages\/2\/revisions\/353"}],"wp:attachment":[{"href":"https:\/\/agrohiena.com\/en\/wp-json\/wp\/v2\/media?parent=2"}],"curies":[{"name":"wp","href":"https:\/\/api.w.org\/{rel}","templated":true}]}}